{"id":109,"date":"2023-09-15T11:04:50","date_gmt":"2023-09-15T16:04:50","guid":{"rendered":"https:\/\/wakemarketing.ca\/preview\/kmts\/?page_id=109"},"modified":"2023-11-17T14:42:15","modified_gmt":"2023-11-17T20:42:15","slug":"business-phone","status":"publish","type":"page","link":"https:\/\/www.ontera.ca\/fr\/business-phone\/","title":{"rendered":"T\u00e9l\u00e9phone de travail"},"content":{"rendered":"<div data-elementor-type=\"wp-page\" data-elementor-id=\"109\" class=\"elementor elementor-109\" data-elementor-post-type=\"page\">\n\t\t\t\t<div class=\"elementor-element elementor-element-2e9193a5 e-con-full e-flex e-con e-parent\" data-id=\"2e9193a5\" data-element_type=\"container\">\n\t\t\t\t<div class=\"elementor-element elementor-element-401a4764 elementor-widget elementor-widget-template\" data-id=\"401a4764\" data-element_type=\"widget\" data-widget_type=\"template.default\">\n\t\t\t\t<div class=\"elementor-widget-container\">\n\t\t\t\t\t\t\t<div class=\"elementor-template\">\n\t\t\t\t\t<div data-elementor-type=\"container\" data-elementor-id=\"577\" class=\"elementor elementor-577\" data-elementor-post-type=\"elementor_library\">\n\t\t\t\t<div class=\"elementor-element elementor-element-1026a425 e-flex e-con-boxed e-con e-parent\" data-id=\"1026a425\" data-element_type=\"container\" data-settings=\"{&quot;background_background&quot;:&quot;classic&quot;}\">\n\t\t\t\t\t<div class=\"e-con-inner\">\n\t\t\t\t\t<\/div>\n\t\t\t\t<\/div>\n\t\t\t\t<\/div>\n\t\t\t\t<\/div>\n\t\t\t\t\t\t<\/div>\n\t\t\t\t<\/div>\n\t\t\t\t<\/div>\n\t\t<div class=\"elementor-element elementor-element-5b31c5df e-flex e-con-boxed e-con e-parent\" data-id=\"5b31c5df\" data-element_type=\"container\" data-settings=\"{&quot;background_background&quot;:&quot;classic&quot;}\">\n\t\t\t\t\t<div class=\"e-con-inner\">\n\t\t<div class=\"elementor-element elementor-element-58c5fb46 e-con-full e-flex e-con e-child\" data-id=\"58c5fb46\" data-element_type=\"container\">\n\t\t\t\t<div class=\"elementor-element elementor-element-d9ffb96 elementor-widget elementor-widget-text-editor\" data-id=\"d9ffb96\" data-element_type=\"widget\" data-widget_type=\"text-editor.default\">\n\t\t\t\t<div class=\"elementor-widget-container\">\n\t\t\t\t\t\t\t\t\t<p>Pour <strong>les bureaux<\/strong> d'un seul endroit, ce service fournit:<\/p>\t\t\t\t\t\t\t\t<\/div>\n\t\t\t\t<\/div>\n\t\t\t\t<div class=\"elementor-element elementor-element-544520bb elementor-icon-list--layout-traditional elementor-list-item-link-full_width elementor-widget elementor-widget-icon-list\" data-id=\"544520bb\" data-element_type=\"widget\" data-widget_type=\"icon-list.default\">\n\t\t\t\t<div class=\"elementor-widget-container\">\n\t\t\t\t\t\t\t<ul class=\"elementor-icon-list-items\">\n\t\t\t\t\t\t\t<li class=\"elementor-icon-list-item\">\n\t\t\t\t\t\t\t\t\t\t\t<span class=\"elementor-icon-list-icon\">\n\t\t\t\t\t\t\t<svg viewbox=\"0 0 11.5323 12.7522\"><path style=\"fill:#FFF\" d=\"M0,7.376l1.6846-1.0986c0.949,1.4646,1.6627,2.998,2.2474,4.4978h0.072C5.2941,6.4666,7.4628,2.4846,9.9133,0 l1.619,1.4177C9.1051,3.6882,6.7647,7.2698,5.3199,12.4661l-2.4835,0.2861C2.0781,10.7217,1.2668,9.1555,0,7.376z\"><\/path><\/svg>\t\t\t\t\t\t<\/span>\n\t\t\t\t\t\t\t\t\t\t<span class=\"elementor-icon-list-text\">Une ligne t\u00e9l\u00e9phonique d\u00e9di\u00e9e avec acc\u00e8s aux appels t\u00e9l\u00e9phoniques locaux et \u00e0 longue distance<\/span>\n\t\t\t\t\t\t\t\t\t<\/li>\n\t\t\t\t\t\t\t\t<li class=\"elementor-icon-list-item\">\n\t\t\t\t\t\t\t\t\t\t\t<span class=\"elementor-icon-list-icon\">\n\t\t\t\t\t\t\t<svg viewbox=\"0 0 11.5323 12.7522\"><path style=\"fill:#FFF\" d=\"M0,7.376l1.6846-1.0986c0.949,1.4646,1.6627,2.998,2.2474,4.4978h0.072C5.2941,6.4666,7.4628,2.4846,9.9133,0 l1.619,1.4177C9.1051,3.6882,6.7647,7.2698,5.3199,12.4661l-2.4835,0.2861C2.0781,10.7217,1.2668,9.1555,0,7.376z\"><\/path><\/svg>\t\t\t\t\t\t<\/span>\n\t\t\t\t\t\t\t\t\t\t<span class=\"elementor-icon-list-text\">Fax<\/span>\n\t\t\t\t\t\t\t\t\t<\/li>\n\t\t\t\t\t\t\t\t<li class=\"elementor-icon-list-item\">\n\t\t\t\t\t\t\t\t\t\t\t<span class=\"elementor-icon-list-icon\">\n\t\t\t\t\t\t\t<svg viewbox=\"0 0 11.5323 12.7522\"><path style=\"fill:#FFF\" d=\"M0,7.376l1.6846-1.0986c0.949,1.4646,1.6627,2.998,2.2474,4.4978h0.072C5.2941,6.4666,7.4628,2.4846,9.9133,0 l1.619,1.4177C9.1051,3.6882,6.7647,7.2698,5.3199,12.4661l-2.4835,0.2861C2.0781,10.7217,1.2668,9.1555,0,7.376z\"><\/path><\/svg>\t\t\t\t\t\t<\/span>\n\t\t\t\t\t\t\t\t\t\t<span class=\"elementor-icon-list-text\">Services de donn\u00e9es<\/span>\n\t\t\t\t\t\t\t\t\t<\/li>\n\t\t\t\t\t\t\t\t<li class=\"elementor-icon-list-item\">\n\t\t\t\t\t\t\t\t\t\t\t<span class=\"elementor-icon-list-icon\">\n\t\t\t\t\t\t\t<svg viewbox=\"0 0 11.5323 12.7522\"><path style=\"fill:#FFF\" d=\"M0,7.376l1.6846-1.0986c0.949,1.4646,1.6627,2.998,2.2474,4.4978h0.072C5.2941,6.4666,7.4628,2.4846,9.9133,0 l1.619,1.4177C9.1051,3.6882,6.7647,7.2698,5.3199,12.4661l-2.4835,0.2861C2.0781,10.7217,1.2668,9.1555,0,7.376z\"><\/path><\/svg>\t\t\t\t\t\t<\/span>\n\t\t\t\t\t\t\t\t\t\t<span class=\"elementor-icon-list-text\">l'Internet<\/span>\n\t\t\t\t\t\t\t\t\t<\/li>\n\t\t\t\t\t\t<\/ul>\n\t\t\t\t\t\t<\/div>\n\t\t\t\t<\/div>\n\t\t\t\t<div class=\"elementor-element elementor-element-42f179c1 elementor-widget elementor-widget-text-editor\" data-id=\"42f179c1\" data-element_type=\"widget\" data-widget_type=\"text-editor.default\">\n\t\t\t\t<div class=\"elementor-widget-container\">\n\t\t\t\t\t\t\t\t\t<p>Ajoutez des secours suppl\u00e9mentaires \u00e0 mesure que votre entreprise se d\u00e9veloppe.<\/p>\t\t\t\t\t\t\t\t<\/div>\n\t\t\t\t<\/div>\n\t\t\t\t<div class=\"elementor-element elementor-element-8fdf377 elementor-widget elementor-widget-text-editor\" data-id=\"8fdf377\" data-element_type=\"widget\" data-widget_type=\"text-editor.default\">\n\t\t\t\t<div class=\"elementor-widget-container\">\n\t\t\t\t\t\t\t\t\t<p>Disponible dans ces \u00e9changes suivants, Iroquois Falls (258), Temagami (569\/237), Marten River\/Tilden Lake (892), Moosonee (336) and Moose Factory (658).<\/p>\t\t\t\t\t\t\t\t<\/div>\n\t\t\t\t<\/div>\n\t\t\t\t<\/div>\n\t\t\t\t\t<\/div>\n\t\t\t\t<\/div>\n\t\t<div class=\"elementor-element elementor-element-7d54ed66 e-con-full e-flex e-con e-parent\" data-id=\"7d54ed66\" data-element_type=\"container\">\n\t\t\t\t<div class=\"elementor-element elementor-element-299dbcbe elementor-widget elementor-widget-template\" data-id=\"299dbcbe\" data-element_type=\"widget\" data-widget_type=\"template.default\">\n\t\t\t\t<div class=\"elementor-widget-container\">\n\t\t\t\t\t\t\t<div class=\"elementor-template\">\n\t\t\t\t\t<div data-elementor-type=\"container\" data-elementor-id=\"140\" class=\"elementor elementor-140\" data-elementor-post-type=\"elementor_library\">\n\t\t\t\t<div class=\"elementor-element elementor-element-2ac840a9 e-flex e-con-boxed e-con e-parent\" data-id=\"2ac840a9\" data-element_type=\"container\" data-settings=\"{&quot;background_background&quot;:&quot;classic&quot;}\">\n\t\t\t\t\t<div class=\"e-con-inner\">\n\t\t\t\t<div class=\"elementor-element elementor-element-2f232238 elementor-align-center elementor-widget elementor-widget-button\" data-id=\"2f232238\" data-element_type=\"widget\" data-widget_type=\"button.default\">\n\t\t\t\t<div class=\"elementor-widget-container\">\n\t\t\t\t\t\t\t\t\t<div class=\"elementor-button-wrapper\">\n\t\t\t\t\t<a class=\"elementor-button elementor-button-link elementor-size-xl\" href=\"https:\/\/www.ontera.ca\/fr\/support\/\">\n\t\t\t\t\t\t<span class=\"elementor-button-content-wrapper\">\n\t\t\t\t\t\t\t\t\t<span class=\"elementor-button-text\">Contacter Ontera<\/span>\n\t\t\t\t\t<\/span>\n\t\t\t\t\t<\/a>\n\t\t\t\t<\/div>\n\t\t\t\t\t\t\t\t<\/div>\n\t\t\t\t<\/div>\n\t\t\t\t\t<\/div>\n\t\t\t\t<\/div>\n\t\t\t\t<\/div>\n\t\t\t\t<\/div>\n\t\t\t\t\t\t<\/div>\n\t\t\t\t<\/div>\n\t\t\t\t<\/div>\n\t\t\t\t<\/div>","protected":false},"excerpt":{"rendered":"<p>For offices in one location, this service provides: One dedicated telephone line with access to local and long-distance telephone calls Fax Data services Internet Add additional business lines as your business grows. Available in these following exchanges, Iroquois Falls (258), Temagami (569\/237), Marten River\/Tilden Lake (892), Moosonee (336) and Moose Factory (658). [&#8230;]<\/p>\n<p><a class=\"btn btn-secondary understrap-read-more-link\" href=\"https:\/\/www.ontera.ca\/fr\/business-phone\/\">Read More&#8230;<span class=\"screen-reader-text\"> from Business Phone<\/span><\/a><\/p>","protected":false},"author":1,"featured_media":0,"parent":0,"menu_order":0,"comment_status":"closed","ping_status":"closed","template":"page-templates\/fullwidthpage.php","meta":{"footnotes":""},"class_list":["post-109","page","type-page","status-publish","hentry"],"yoast_head":"<!-- This site is optimized with the Yoast SEO plugin v26.7 - https:\/\/yoast.com\/wordpress\/plugins\/seo\/ -->\n<title>Business Phone - Ontera<\/title>\n<meta name=\"robots\" content=\"index, follow, max-snippet:-1, max-image-preview:large, max-video-preview:-1\" \/>\n<link rel=\"canonical\" href=\"https:\/\/www.ontera.ca\/fr\/business-phone\/\" \/>\n<meta property=\"og:locale\" content=\"fr_CA\" \/>\n<meta property=\"og:type\" content=\"article\" \/>\n<meta property=\"og:title\" content=\"Business Phone - Ontera\" \/>\n<meta property=\"og:description\" content=\"For offices in one location, this service provides: One dedicated telephone line with access to local and long-distance telephone calls Fax Data services Internet Add additional business lines as your business grows. Available in these following exchanges, Iroquois Falls (258), Temagami (569\/237), Marten River\/Tilden Lake (892), Moosonee (336) and Moose Factory (658). [...]Read More... from Business Phone\" \/>\n<meta property=\"og:url\" content=\"https:\/\/www.ontera.ca\/fr\/business-phone\/\" \/>\n<meta property=\"og:site_name\" content=\"Ontera\" \/>\n<meta property=\"article:modified_time\" content=\"2023-11-17T20:42:15+00:00\" \/>\n<meta name=\"twitter:card\" content=\"summary_large_image\" \/>\n<script type=\"application\/ld+json\" class=\"yoast-schema-graph\">{\"@context\":\"https:\/\/schema.org\",\"@graph\":[{\"@type\":\"WebPage\",\"@id\":\"https:\/\/www.ontera.ca\/business-phone\/\",\"url\":\"https:\/\/www.ontera.ca\/business-phone\/\",\"name\":\"Business Phone - Ontera\",\"isPartOf\":{\"@id\":\"https:\/\/www.ontera.ca\/#website\"},\"datePublished\":\"2023-09-15T16:04:50+00:00\",\"dateModified\":\"2023-11-17T20:42:15+00:00\",\"breadcrumb\":{\"@id\":\"https:\/\/www.ontera.ca\/business-phone\/#breadcrumb\"},\"inLanguage\":\"fr-CA\",\"potentialAction\":[{\"@type\":\"ReadAction\",\"target\":[\"https:\/\/www.ontera.ca\/business-phone\/\"]}]},{\"@type\":\"BreadcrumbList\",\"@id\":\"https:\/\/www.ontera.ca\/business-phone\/#breadcrumb\",\"itemListElement\":[{\"@type\":\"ListItem\",\"position\":1,\"name\":\"Home\",\"item\":\"https:\/\/www.ontera.ca\/\"},{\"@type\":\"ListItem\",\"position\":2,\"name\":\"Business Phone\"}]},{\"@type\":\"WebSite\",\"@id\":\"https:\/\/www.ontera.ca\/#website\",\"url\":\"https:\/\/www.ontera.ca\/\",\"name\":\"Ontera\",\"description\":\"\",\"publisher\":{\"@id\":\"https:\/\/www.ontera.ca\/#organization\"},\"potentialAction\":[{\"@type\":\"SearchAction\",\"target\":{\"@type\":\"EntryPoint\",\"urlTemplate\":\"https:\/\/www.ontera.ca\/?s={search_term_string}\"},\"query-input\":{\"@type\":\"PropertyValueSpecification\",\"valueRequired\":true,\"valueName\":\"search_term_string\"}}],\"inLanguage\":\"fr-CA\"},{\"@type\":\"Organization\",\"@id\":\"https:\/\/www.ontera.ca\/#organization\",\"name\":\"Ontera\",\"url\":\"https:\/\/www.ontera.ca\/\",\"logo\":{\"@type\":\"ImageObject\",\"inLanguage\":\"fr-CA\",\"@id\":\"https:\/\/www.ontera.ca\/#\/schema\/logo\/image\/\",\"url\":\"https:\/\/www.ontera.ca\/wp-content\/uploads\/2023\/09\/ontera.svg\",\"contentUrl\":\"https:\/\/www.ontera.ca\/wp-content\/uploads\/2023\/09\/ontera.svg\",\"width\":444,\"height\":65,\"caption\":\"Ontera\"},\"image\":{\"@id\":\"https:\/\/www.ontera.ca\/#\/schema\/logo\/image\/\"}}]}<\/script>\n<!-- \/ Yoast SEO plugin. -->","yoast_head_json":{"title":"Business Phone - Ontera","robots":{"index":"index","follow":"follow","max-snippet":"max-snippet:-1","max-image-preview":"max-image-preview:large","max-video-preview":"max-video-preview:-1"},"canonical":"https:\/\/www.ontera.ca\/fr\/business-phone\/","og_locale":"fr_CA","og_type":"article","og_title":"Business Phone - Ontera","og_description":"For offices in one location, this service provides: One dedicated telephone line with access to local and long-distance telephone calls Fax Data services Internet Add additional business lines as your business grows. Available in these following exchanges, Iroquois Falls (258), Temagami (569\/237), Marten River\/Tilden Lake (892), Moosonee (336) and Moose Factory (658). [...]Read More... from Business Phone","og_url":"https:\/\/www.ontera.ca\/fr\/business-phone\/","og_site_name":"Ontera","article_modified_time":"2023-11-17T20:42:15+00:00","twitter_card":"summary_large_image","schema":{"@context":"https:\/\/schema.org","@graph":[{"@type":"WebPage","@id":"https:\/\/www.ontera.ca\/business-phone\/","url":"https:\/\/www.ontera.ca\/business-phone\/","name":"Business Phone - Ontera","isPartOf":{"@id":"https:\/\/www.ontera.ca\/#website"},"datePublished":"2023-09-15T16:04:50+00:00","dateModified":"2023-11-17T20:42:15+00:00","breadcrumb":{"@id":"https:\/\/www.ontera.ca\/business-phone\/#breadcrumb"},"inLanguage":"fr-CA","potentialAction":[{"@type":"ReadAction","target":["https:\/\/www.ontera.ca\/business-phone\/"]}]},{"@type":"BreadcrumbList","@id":"https:\/\/www.ontera.ca\/business-phone\/#breadcrumb","itemListElement":[{"@type":"ListItem","position":1,"name":"Home","item":"https:\/\/www.ontera.ca\/"},{"@type":"ListItem","position":2,"name":"Business Phone"}]},{"@type":"WebSite","@id":"https:\/\/www.ontera.ca\/#website","url":"https:\/\/www.ontera.ca\/","name":"Ontera","description":"","publisher":{"@id":"https:\/\/www.ontera.ca\/#organization"},"potentialAction":[{"@type":"SearchAction","target":{"@type":"EntryPoint","urlTemplate":"https:\/\/www.ontera.ca\/?s={search_term_string}"},"query-input":{"@type":"PropertyValueSpecification","valueRequired":true,"valueName":"search_term_string"}}],"inLanguage":"fr-CA"},{"@type":"Organization","@id":"https:\/\/www.ontera.ca\/#organization","name":"Ontera","url":"https:\/\/www.ontera.ca\/","logo":{"@type":"ImageObject","inLanguage":"fr-CA","@id":"https:\/\/www.ontera.ca\/#\/schema\/logo\/image\/","url":"https:\/\/www.ontera.ca\/wp-content\/uploads\/2023\/09\/ontera.svg","contentUrl":"https:\/\/www.ontera.ca\/wp-content\/uploads\/2023\/09\/ontera.svg","width":444,"height":65,"caption":"Ontera"},"image":{"@id":"https:\/\/www.ontera.ca\/#\/schema\/logo\/image\/"}}]}},"_links":{"self":[{"href":"https:\/\/www.ontera.ca\/fr\/wp-json\/wp\/v2\/pages\/109","targetHints":{"allow":["GET"]}}],"collection":[{"href":"https:\/\/www.ontera.ca\/fr\/wp-json\/wp\/v2\/pages"}],"about":[{"href":"https:\/\/www.ontera.ca\/fr\/wp-json\/wp\/v2\/types\/page"}],"author":[{"embeddable":true,"href":"https:\/\/www.ontera.ca\/fr\/wp-json\/wp\/v2\/users\/1"}],"replies":[{"embeddable":true,"href":"https:\/\/www.ontera.ca\/fr\/wp-json\/wp\/v2\/comments?post=109"}],"version-history":[{"count":0,"href":"https:\/\/www.ontera.ca\/fr\/wp-json\/wp\/v2\/pages\/109\/revisions"}],"wp:attachment":[{"href":"https:\/\/www.ontera.ca\/fr\/wp-json\/wp\/v2\/media?parent=109"}],"curies":[{"name":"wp","href":"https:\/\/api.w.org\/{rel}","templated":true}]}}