{"id":763,"date":"2023-11-07T14:03:22","date_gmt":"2023-11-07T20:03:22","guid":{"rendered":"https:\/\/wakemarketing.ca\/preview\/ontera-1\/?page_id=763"},"modified":"2023-11-19T23:33:34","modified_gmt":"2023-11-20T05:33:34","slug":"network-services","status":"publish","type":"page","link":"https:\/\/www.ontera.ca\/fr\/network-services\/","title":{"rendered":"Services R\u00e9seau"},"content":{"rendered":"<div data-elementor-type=\"wp-page\" data-elementor-id=\"763\" class=\"elementor elementor-763\" data-elementor-post-type=\"page\">\n\t\t\t\t<div class=\"elementor-element elementor-element-30d323ed e-flex e-con-boxed e-con e-parent\" data-id=\"30d323ed\" data-element_type=\"container\" data-settings=\"{&quot;background_background&quot;:&quot;classic&quot;}\">\n\t\t\t\t\t<div class=\"e-con-inner\">\n\t\t\t\t\t<\/div>\n\t\t\t\t<\/div>\n\t\t<div class=\"elementor-element elementor-element-283ada6c e-flex e-con-boxed e-con e-parent\" data-id=\"283ada6c\" data-element_type=\"container\" data-settings=\"{&quot;background_background&quot;:&quot;classic&quot;}\">\n\t\t\t\t\t<div class=\"e-con-inner\">\n\t\t<div class=\"elementor-element elementor-element-353655e e-con-full e-flex e-con e-child\" data-id=\"353655e\" data-element_type=\"container\">\n\t\t\t\t<div class=\"elementor-element elementor-element-29f92296 elementor-widget elementor-widget-text-editor\" data-id=\"29f92296\" data-element_type=\"widget\" data-widget_type=\"text-editor.default\">\n\t\t\t\t<div class=\"elementor-widget-container\">\n\t\t\t\t\t\t\t\t\t<p>Gr\u00e2ce aux solutions Ethernet d\u2019Ontera, vous pouvez relier tous vos emplacements sur un r\u00e9seau m\u00e9tropolitain (MAN) ou \u00e9tendu (WAN) et effectuer, par acc\u00e8s unique, vos transmissions voix, vid\u00e9o et donn\u00e9es d\u2019une mani\u00e8re des plus performantes.<\/p>\t\t\t\t\t\t\t\t<\/div>\n\t\t\t\t<\/div>\n\t\t\t\t<div class=\"elementor-element elementor-element-3bc8bf7f elementor-widget elementor-widget-text-editor\" data-id=\"3bc8bf7f\" data-element_type=\"widget\" data-widget_type=\"text-editor.default\">\n\t\t\t\t<div class=\"elementor-widget-container\">\n\t\t\t\t\t\t\t\t\t<p>Nous pouvons adapter nos solutions hyper fiables et extensibles \u00e0 diverses technologies de transport sur r\u00e9seau \u00e0 large bande et m\u00e9thodes d\u2019acc\u00e8s au r\u00e9seau. Vous pouvez compter sur les conseils de nos experts pour vous guider dans le choix de la solution qui saura le mieux r\u00e9pondre \u00e0 vos besoins uniques.<\/p><p>Ontera offre actuellement trois options de classes de services, notamment:<\/p>\t\t\t\t\t\t\t\t<\/div>\n\t\t\t\t<\/div>\n\t\t\t\t<div class=\"elementor-element elementor-element-7fa67518 elementor-icon-list--layout-traditional elementor-list-item-link-full_width elementor-widget elementor-widget-icon-list\" data-id=\"7fa67518\" data-element_type=\"widget\" data-widget_type=\"icon-list.default\">\n\t\t\t\t<div class=\"elementor-widget-container\">\n\t\t\t\t\t\t\t<ul class=\"elementor-icon-list-items\">\n\t\t\t\t\t\t\t<li class=\"elementor-icon-list-item\">\n\t\t\t\t\t\t\t\t\t\t\t<span class=\"elementor-icon-list-icon\">\n\t\t\t\t\t\t\t<svg aria-hidden=\"true\" class=\"e-font-icon-svg e-fas-arrow-right\" viewbox=\"0 0 448 512\" xmlns=\"http:\/\/www.w3.org\/2000\/svg\"><path d=\"M190.5 66.9l22.2-22.2c9.4-9.4 24.6-9.4 33.9 0L441 239c9.4 9.4 9.4 24.6 0 33.9L246.6 467.3c-9.4 9.4-24.6 9.4-33.9 0l-22.2-22.2c-9.5-9.5-9.3-25 .4-34.3L311.4 296H24c-13.3 0-24-10.7-24-24v-32c0-13.3 10.7-24 24-24h287.4L190.9 101.2c-9.8-9.3-10-24.8-.4-34.3z\"><\/path><\/svg>\t\t\t\t\t\t<\/span>\n\t\t\t\t\t\t\t\t\t\t<span class=\"elementor-icon-list-text\">Le service Courant est con\u00e7u pour les applications de transmission de donn\u00e9es n\u00e9cessitant des niveaux de rendement standard et dont le co\u00fbt par m\u00e9ga-octet par seconde constitue le seul facteur influen\u00e7ant la d\u00e9cision du client.<\/span>\n\t\t\t\t\t\t\t\t\t<\/li>\n\t\t\t\t\t\t\t\t<li class=\"elementor-icon-list-item\">\n\t\t\t\t\t\t\t\t\t\t\t<span class=\"elementor-icon-list-icon\">\n\t\t\t\t\t\t\t<svg aria-hidden=\"true\" class=\"e-font-icon-svg e-fas-arrow-right\" viewbox=\"0 0 448 512\" xmlns=\"http:\/\/www.w3.org\/2000\/svg\"><path d=\"M190.5 66.9l22.2-22.2c9.4-9.4 24.6-9.4 33.9 0L441 239c9.4 9.4 9.4 24.6 0 33.9L246.6 467.3c-9.4 9.4-24.6 9.4-33.9 0l-22.2-22.2c-9.5-9.5-9.3-25 .4-34.3L311.4 296H24c-13.3 0-24-10.7-24-24v-32c0-13.3 10.7-24 24-24h287.4L190.9 101.2c-9.8-9.3-10-24.8-.4-34.3z\"><\/path><\/svg>\t\t\t\t\t\t<\/span>\n\t\t\t\t\t\t\t\t\t\t<span class=\"elementor-icon-list-text\">Le service Prioritaire s\u2019av\u00e8re utile avec les applications de transmission de donn\u00e9es n\u00e9cessitant un rendement de type transmission de trame.<\/span>\n\t\t\t\t\t\t\t\t\t<\/li>\n\t\t\t\t\t\t\t\t<li class=\"elementor-icon-list-item\">\n\t\t\t\t\t\t\t\t\t\t\t<span class=\"elementor-icon-list-icon\">\n\t\t\t\t\t\t\t<svg aria-hidden=\"true\" class=\"e-font-icon-svg e-fas-arrow-right\" viewbox=\"0 0 448 512\" xmlns=\"http:\/\/www.w3.org\/2000\/svg\"><path d=\"M190.5 66.9l22.2-22.2c9.4-9.4 24.6-9.4 33.9 0L441 239c9.4 9.4 9.4 24.6 0 33.9L246.6 467.3c-9.4 9.4-24.6 9.4-33.9 0l-22.2-22.2c-9.5-9.5-9.3-25 .4-34.3L311.4 296H24c-13.3 0-24-10.7-24-24v-32c0-13.3 10.7-24 24-24h287.4L190.9 101.2c-9.8-9.3-10-24.8-.4-34.3z\"><\/path><\/svg>\t\t\t\t\t\t<\/span>\n\t\t\t\t\t\t\t\t\t\t<span class=\"elementor-icon-list-text\">Le service Temps quasi r\u00e9el (voix\/vid\u00e9o) sert \u00e0 la transmission de paquets voix\/vid\u00e9o aux d\u00e9lais de trame et aux variations temporelles minimes et au rendement de transmission de trame sup\u00e9rieur.<\/span>\n\t\t\t\t\t\t\t\t\t<\/li>\n\t\t\t\t\t\t<\/ul>\n\t\t\t\t\t\t<\/div>\n\t\t\t\t<\/div>\n\t\t\t\t<div class=\"elementor-element elementor-element-3fcf172 elementor-widget elementor-widget-text-editor\" data-id=\"3fcf172\" data-element_type=\"widget\" data-widget_type=\"text-editor.default\">\n\t\t\t\t<div class=\"elementor-widget-container\">\n\t\t\t\t\t\t\t\t\t<p>Les services de transmission sur r\u00e9seau Ethernet \u00e9tendu (WAN) d\u2019Ontera permettent aux clients de s\u2019interconnecter afin de partager leurs applications de transmission de la voix, de donn\u00e9es et vid\u00e9o avec des bureaux r\u00e9partis dans d\u2019autres zones g\u00e9ographiques. Ontera exploite un de r\u00e9seau \u00e0 haute vitesse \u00e9tendu qu\u2019utilisent la plupart des grands centres d\u2019affaires du Nord de l\u2019Ontario.<\/p><p>Pour plus d\u2019informations sur ce qu\u2019Ontera est en mesure de vous offrir, communiquez avec nous \u00e0\u00a0<a href=\"mailto:NetworkServices@ontera.ca\">NetworkServices@ontera.ca<\/a><\/p>\t\t\t\t\t\t\t\t<\/div>\n\t\t\t\t<\/div>\n\t\t\t\t<\/div>\n\t\t\t\t\t<\/div>\n\t\t\t\t<\/div>\n\t\t<div class=\"elementor-element elementor-element-6fb9393 e-con-full e-flex e-con e-parent\" data-id=\"6fb9393\" data-element_type=\"container\">\n\t\t\t\t<div class=\"elementor-element elementor-element-24ae8953 elementor-widget elementor-widget-template\" data-id=\"24ae8953\" data-element_type=\"widget\" data-widget_type=\"template.default\">\n\t\t\t\t<div class=\"elementor-widget-container\">\n\t\t\t\t\t\t\t<div class=\"elementor-template\">\n\t\t\t\t\t<div data-elementor-type=\"container\" data-elementor-id=\"140\" class=\"elementor elementor-140\" data-elementor-post-type=\"elementor_library\">\n\t\t\t\t<div class=\"elementor-element elementor-element-2ac840a9 e-flex e-con-boxed e-con e-parent\" data-id=\"2ac840a9\" data-element_type=\"container\" data-settings=\"{&quot;background_background&quot;:&quot;classic&quot;}\">\n\t\t\t\t\t<div class=\"e-con-inner\">\n\t\t\t\t<div class=\"elementor-element elementor-element-2f232238 elementor-align-center elementor-widget elementor-widget-button\" data-id=\"2f232238\" data-element_type=\"widget\" data-widget_type=\"button.default\">\n\t\t\t\t<div class=\"elementor-widget-container\">\n\t\t\t\t\t\t\t\t\t<div class=\"elementor-button-wrapper\">\n\t\t\t\t\t<a class=\"elementor-button elementor-button-link elementor-size-xl\" href=\"https:\/\/www.ontera.ca\/fr\/support\/\">\n\t\t\t\t\t\t<span class=\"elementor-button-content-wrapper\">\n\t\t\t\t\t\t\t\t\t<span class=\"elementor-button-text\">Contacter Ontera<\/span>\n\t\t\t\t\t<\/span>\n\t\t\t\t\t<\/a>\n\t\t\t\t<\/div>\n\t\t\t\t\t\t\t\t<\/div>\n\t\t\t\t<\/div>\n\t\t\t\t\t<\/div>\n\t\t\t\t<\/div>\n\t\t\t\t<\/div>\n\t\t\t\t<\/div>\n\t\t\t\t\t\t<\/div>\n\t\t\t\t<\/div>\n\t\t\t\t<\/div>\n\t\t\t\t<\/div>","protected":false},"excerpt":{"rendered":"<p>Ontera\u2019s Ethernet Solutions enable you to link all your locations together via Metropolitan Area Network (MAN) or Wide Area Network (WAN) and efficiently transmit applications such as voice, video and data, all on a single access. Our highly reliable and scalable solutions can be based on a variety of wide area transport technologies and network [&#8230;]<\/p>\n<p><a class=\"btn btn-secondary understrap-read-more-link\" href=\"https:\/\/www.ontera.ca\/fr\/network-services\/\">Read More&#8230;<span class=\"screen-reader-text\"> from Network Services<\/span><\/a><\/p>","protected":false},"author":1,"featured_media":0,"parent":0,"menu_order":0,"comment_status":"closed","ping_status":"closed","template":"page-templates\/fullwidthpage.php","meta":{"footnotes":""},"class_list":["post-763","page","type-page","status-publish","hentry"],"yoast_head":"<!-- This site is optimized with the Yoast SEO plugin v26.7 - https:\/\/yoast.com\/wordpress\/plugins\/seo\/ -->\n<title>Network Services - Ontera<\/title>\n<meta name=\"robots\" content=\"index, follow, max-snippet:-1, max-image-preview:large, max-video-preview:-1\" \/>\n<link rel=\"canonical\" href=\"https:\/\/www.ontera.ca\/fr\/network-services\/\" \/>\n<meta property=\"og:locale\" content=\"fr_CA\" \/>\n<meta property=\"og:type\" content=\"article\" \/>\n<meta property=\"og:title\" content=\"Network Services - Ontera\" \/>\n<meta property=\"og:description\" content=\"Ontera\u2019s Ethernet Solutions enable you to link all your locations together via Metropolitan Area Network (MAN) or Wide Area Network (WAN) and efficiently transmit applications such as voice, video and data, all on a single access. Our highly reliable and scalable solutions can be based on a variety of wide area transport technologies and network [...]Read More... from Network Services\" \/>\n<meta property=\"og:url\" content=\"https:\/\/www.ontera.ca\/fr\/network-services\/\" \/>\n<meta property=\"og:site_name\" content=\"Ontera\" \/>\n<meta property=\"article:modified_time\" content=\"2023-11-20T05:33:34+00:00\" \/>\n<meta name=\"twitter:card\" content=\"summary_large_image\" \/>\n<meta name=\"twitter:label1\" content=\"Estimation du temps de lecture\" \/>\n\t<meta name=\"twitter:data1\" content=\"1 minute\" \/>\n<script type=\"application\/ld+json\" class=\"yoast-schema-graph\">{\"@context\":\"https:\/\/schema.org\",\"@graph\":[{\"@type\":\"WebPage\",\"@id\":\"https:\/\/www.ontera.ca\/network-services\/\",\"url\":\"https:\/\/www.ontera.ca\/network-services\/\",\"name\":\"Network Services - Ontera\",\"isPartOf\":{\"@id\":\"https:\/\/www.ontera.ca\/#website\"},\"datePublished\":\"2023-11-07T20:03:22+00:00\",\"dateModified\":\"2023-11-20T05:33:34+00:00\",\"breadcrumb\":{\"@id\":\"https:\/\/www.ontera.ca\/network-services\/#breadcrumb\"},\"inLanguage\":\"fr-CA\",\"potentialAction\":[{\"@type\":\"ReadAction\",\"target\":[\"https:\/\/www.ontera.ca\/network-services\/\"]}]},{\"@type\":\"BreadcrumbList\",\"@id\":\"https:\/\/www.ontera.ca\/network-services\/#breadcrumb\",\"itemListElement\":[{\"@type\":\"ListItem\",\"position\":1,\"name\":\"Home\",\"item\":\"https:\/\/www.ontera.ca\/\"},{\"@type\":\"ListItem\",\"position\":2,\"name\":\"Network Services\"}]},{\"@type\":\"WebSite\",\"@id\":\"https:\/\/www.ontera.ca\/#website\",\"url\":\"https:\/\/www.ontera.ca\/\",\"name\":\"Ontera\",\"description\":\"\",\"publisher\":{\"@id\":\"https:\/\/www.ontera.ca\/#organization\"},\"potentialAction\":[{\"@type\":\"SearchAction\",\"target\":{\"@type\":\"EntryPoint\",\"urlTemplate\":\"https:\/\/www.ontera.ca\/?s={search_term_string}\"},\"query-input\":{\"@type\":\"PropertyValueSpecification\",\"valueRequired\":true,\"valueName\":\"search_term_string\"}}],\"inLanguage\":\"fr-CA\"},{\"@type\":\"Organization\",\"@id\":\"https:\/\/www.ontera.ca\/#organization\",\"name\":\"Ontera\",\"url\":\"https:\/\/www.ontera.ca\/\",\"logo\":{\"@type\":\"ImageObject\",\"inLanguage\":\"fr-CA\",\"@id\":\"https:\/\/www.ontera.ca\/#\/schema\/logo\/image\/\",\"url\":\"https:\/\/www.ontera.ca\/wp-content\/uploads\/2023\/09\/ontera.svg\",\"contentUrl\":\"https:\/\/www.ontera.ca\/wp-content\/uploads\/2023\/09\/ontera.svg\",\"width\":444,\"height\":65,\"caption\":\"Ontera\"},\"image\":{\"@id\":\"https:\/\/www.ontera.ca\/#\/schema\/logo\/image\/\"}}]}<\/script>\n<!-- \/ Yoast SEO plugin. -->","yoast_head_json":{"title":"Network Services - Ontera","robots":{"index":"index","follow":"follow","max-snippet":"max-snippet:-1","max-image-preview":"max-image-preview:large","max-video-preview":"max-video-preview:-1"},"canonical":"https:\/\/www.ontera.ca\/fr\/network-services\/","og_locale":"fr_CA","og_type":"article","og_title":"Network Services - Ontera","og_description":"Ontera\u2019s Ethernet Solutions enable you to link all your locations together via Metropolitan Area Network (MAN) or Wide Area Network (WAN) and efficiently transmit applications such as voice, video and data, all on a single access. Our highly reliable and scalable solutions can be based on a variety of wide area transport technologies and network [...]Read More... from Network Services","og_url":"https:\/\/www.ontera.ca\/fr\/network-services\/","og_site_name":"Ontera","article_modified_time":"2023-11-20T05:33:34+00:00","twitter_card":"summary_large_image","twitter_misc":{"Estimation du temps de lecture":"1 minute"},"schema":{"@context":"https:\/\/schema.org","@graph":[{"@type":"WebPage","@id":"https:\/\/www.ontera.ca\/network-services\/","url":"https:\/\/www.ontera.ca\/network-services\/","name":"Network Services - Ontera","isPartOf":{"@id":"https:\/\/www.ontera.ca\/#website"},"datePublished":"2023-11-07T20:03:22+00:00","dateModified":"2023-11-20T05:33:34+00:00","breadcrumb":{"@id":"https:\/\/www.ontera.ca\/network-services\/#breadcrumb"},"inLanguage":"fr-CA","potentialAction":[{"@type":"ReadAction","target":["https:\/\/www.ontera.ca\/network-services\/"]}]},{"@type":"BreadcrumbList","@id":"https:\/\/www.ontera.ca\/network-services\/#breadcrumb","itemListElement":[{"@type":"ListItem","position":1,"name":"Home","item":"https:\/\/www.ontera.ca\/"},{"@type":"ListItem","position":2,"name":"Network Services"}]},{"@type":"WebSite","@id":"https:\/\/www.ontera.ca\/#website","url":"https:\/\/www.ontera.ca\/","name":"Ontera","description":"","publisher":{"@id":"https:\/\/www.ontera.ca\/#organization"},"potentialAction":[{"@type":"SearchAction","target":{"@type":"EntryPoint","urlTemplate":"https:\/\/www.ontera.ca\/?s={search_term_string}"},"query-input":{"@type":"PropertyValueSpecification","valueRequired":true,"valueName":"search_term_string"}}],"inLanguage":"fr-CA"},{"@type":"Organization","@id":"https:\/\/www.ontera.ca\/#organization","name":"Ontera","url":"https:\/\/www.ontera.ca\/","logo":{"@type":"ImageObject","inLanguage":"fr-CA","@id":"https:\/\/www.ontera.ca\/#\/schema\/logo\/image\/","url":"https:\/\/www.ontera.ca\/wp-content\/uploads\/2023\/09\/ontera.svg","contentUrl":"https:\/\/www.ontera.ca\/wp-content\/uploads\/2023\/09\/ontera.svg","width":444,"height":65,"caption":"Ontera"},"image":{"@id":"https:\/\/www.ontera.ca\/#\/schema\/logo\/image\/"}}]}},"_links":{"self":[{"href":"https:\/\/www.ontera.ca\/fr\/wp-json\/wp\/v2\/pages\/763","targetHints":{"allow":["GET"]}}],"collection":[{"href":"https:\/\/www.ontera.ca\/fr\/wp-json\/wp\/v2\/pages"}],"about":[{"href":"https:\/\/www.ontera.ca\/fr\/wp-json\/wp\/v2\/types\/page"}],"author":[{"embeddable":true,"href":"https:\/\/www.ontera.ca\/fr\/wp-json\/wp\/v2\/users\/1"}],"replies":[{"embeddable":true,"href":"https:\/\/www.ontera.ca\/fr\/wp-json\/wp\/v2\/comments?post=763"}],"version-history":[{"count":0,"href":"https:\/\/www.ontera.ca\/fr\/wp-json\/wp\/v2\/pages\/763\/revisions"}],"wp:attachment":[{"href":"https:\/\/www.ontera.ca\/fr\/wp-json\/wp\/v2\/media?parent=763"}],"curies":[{"name":"wp","href":"https:\/\/api.w.org\/{rel}","templated":true}]}}