{"id":764,"date":"2023-11-07T14:03:31","date_gmt":"2023-11-07T20:03:31","guid":{"rendered":"https:\/\/wakemarketing.ca\/preview\/ontera-1\/?page_id=764"},"modified":"2023-11-19T23:33:40","modified_gmt":"2023-11-20T05:33:40","slug":"carrier","status":"publish","type":"page","link":"https:\/\/www.ontera.ca\/fr\/carrier\/","title":{"rendered":"Entreprise de t\u00e9l\u00e9coms"},"content":{"rendered":"<div data-elementor-type=\"wp-page\" data-elementor-id=\"764\" class=\"elementor elementor-764\" data-elementor-post-type=\"page\">\n\t\t\t\t<div class=\"elementor-element elementor-element-89133ff e-flex e-con-boxed e-con e-parent\" data-id=\"89133ff\" data-element_type=\"container\" data-settings=\"{&quot;background_background&quot;:&quot;classic&quot;}\">\n\t\t\t\t\t<div class=\"e-con-inner\">\n\t\t\t\t\t<\/div>\n\t\t\t\t<\/div>\n\t\t<div class=\"elementor-element elementor-element-1fa60080 e-flex e-con-boxed e-con e-parent\" data-id=\"1fa60080\" data-element_type=\"container\" data-settings=\"{&quot;background_background&quot;:&quot;classic&quot;}\">\n\t\t\t\t\t<div class=\"e-con-inner\">\n\t\t<div class=\"elementor-element elementor-element-1a9b9fb0 e-con-full e-flex e-con e-child\" data-id=\"1a9b9fb0\" data-element_type=\"container\">\n\t\t\t\t<div class=\"elementor-element elementor-element-39ad6763 elementor-widget elementor-widget-text-editor\" data-id=\"39ad6763\" data-element_type=\"widget\" data-widget_type=\"text-editor.default\">\n\t\t\t\t<div class=\"elementor-widget-container\">\n\t\t\t\t\t\t\t\t\t<p>Ontera fournit des services de calibre transporteur aux entreprises de t\u00e9l\u00e9communications d\u00e9sireuses de faire des affaires dans le Nord de l\u2019Ontario.<\/p>\t\t\t\t\t\t\t\t<\/div>\n\t\t\t\t<\/div>\n\t\t\t\t<div class=\"elementor-element elementor-element-79cb92ac elementor-widget elementor-widget-text-editor\" data-id=\"79cb92ac\" data-element_type=\"widget\" data-widget_type=\"text-editor.default\">\n\t\t\t\t<div class=\"elementor-widget-container\">\n\t\t\t\t\t\t\t\t\t<p class=\"opener\">Gr\u00e2ce \u00e0 son r\u00e9seau \u00e0 fibres optiques, de classe mondiale, et aux liens qu\u2019elle entretient avec les collectivit\u00e9s du Nord de l\u2019Ontario, Ontera est en mesure d\u2019aider les fournisseurs de services \u00e0 atteindre leurs buts.<\/p><p>Pour plus d\u2019informations sur ce qu\u2019Ontera est en mesure de vous offrir, communiquez avec nous \u00e0 <a href=\"mailto:CSG@ontera.ca\">CSG@ontera.ca<\/a><\/p>\t\t\t\t\t\t\t\t<\/div>\n\t\t\t\t<\/div>\n\t\t\t\t<\/div>\n\t\t\t\t\t<\/div>\n\t\t\t\t<\/div>\n\t\t<div class=\"elementor-element elementor-element-7af5de5b e-con-full e-flex e-con e-parent\" data-id=\"7af5de5b\" data-element_type=\"container\">\n\t\t\t\t<div class=\"elementor-element elementor-element-652c6788 elementor-widget elementor-widget-template\" data-id=\"652c6788\" data-element_type=\"widget\" data-widget_type=\"template.default\">\n\t\t\t\t<div class=\"elementor-widget-container\">\n\t\t\t\t\t\t\t<div class=\"elementor-template\">\n\t\t\t\t\t<div data-elementor-type=\"container\" data-elementor-id=\"140\" class=\"elementor elementor-140\" data-elementor-post-type=\"elementor_library\">\n\t\t\t\t<div class=\"elementor-element elementor-element-2ac840a9 e-flex e-con-boxed e-con e-parent\" data-id=\"2ac840a9\" data-element_type=\"container\" data-settings=\"{&quot;background_background&quot;:&quot;classic&quot;}\">\n\t\t\t\t\t<div class=\"e-con-inner\">\n\t\t\t\t<div class=\"elementor-element elementor-element-2f232238 elementor-align-center elementor-widget elementor-widget-button\" data-id=\"2f232238\" data-element_type=\"widget\" data-widget_type=\"button.default\">\n\t\t\t\t<div class=\"elementor-widget-container\">\n\t\t\t\t\t\t\t\t\t<div class=\"elementor-button-wrapper\">\n\t\t\t\t\t<a class=\"elementor-button elementor-button-link elementor-size-xl\" href=\"https:\/\/www.ontera.ca\/fr\/support\/\">\n\t\t\t\t\t\t<span class=\"elementor-button-content-wrapper\">\n\t\t\t\t\t\t\t\t\t<span class=\"elementor-button-text\">Contacter Ontera<\/span>\n\t\t\t\t\t<\/span>\n\t\t\t\t\t<\/a>\n\t\t\t\t<\/div>\n\t\t\t\t\t\t\t\t<\/div>\n\t\t\t\t<\/div>\n\t\t\t\t\t<\/div>\n\t\t\t\t<\/div>\n\t\t\t\t<\/div>\n\t\t\t\t<\/div>\n\t\t\t\t\t\t<\/div>\n\t\t\t\t<\/div>\n\t\t\t\t<\/div>\n\t\t\t\t<\/div>","protected":false},"excerpt":{"rendered":"<p>Ontera offers carrier-class services to telecommunications companies wanting to do business in Northern Ontario. With our world-class fibre optic network and links into northern Ontario communities, Ontera has the capability to help telecom service providers achieve their objectives. For more information on what Ontera can offer contact us at CSG@ontera.ca [&#8230;]<\/p>\n<p><a class=\"btn btn-secondary understrap-read-more-link\" href=\"https:\/\/www.ontera.ca\/fr\/carrier\/\">Read More&#8230;<span class=\"screen-reader-text\"> from Carrier<\/span><\/a><\/p>","protected":false},"author":1,"featured_media":0,"parent":0,"menu_order":0,"comment_status":"closed","ping_status":"closed","template":"page-templates\/fullwidthpage.php","meta":{"footnotes":""},"class_list":["post-764","page","type-page","status-publish","hentry"],"yoast_head":"<!-- This site is optimized with the Yoast SEO plugin v26.7 - https:\/\/yoast.com\/wordpress\/plugins\/seo\/ -->\n<title>Carrier - Ontera<\/title>\n<meta name=\"robots\" content=\"index, follow, max-snippet:-1, max-image-preview:large, max-video-preview:-1\" \/>\n<link rel=\"canonical\" href=\"https:\/\/www.ontera.ca\/fr\/carrier\/\" \/>\n<meta property=\"og:locale\" content=\"fr_CA\" \/>\n<meta property=\"og:type\" content=\"article\" \/>\n<meta property=\"og:title\" content=\"Carrier - Ontera\" \/>\n<meta property=\"og:description\" content=\"Ontera offers carrier-class services to telecommunications companies wanting to do business in Northern Ontario. With our world-class fibre optic network and links into northern Ontario communities, Ontera has the capability to help telecom service providers achieve their objectives. For more information on what Ontera can offer contact us at CSG@ontera.ca [...]Read More... from Carrier\" \/>\n<meta property=\"og:url\" content=\"https:\/\/www.ontera.ca\/fr\/carrier\/\" \/>\n<meta property=\"og:site_name\" content=\"Ontera\" \/>\n<meta property=\"article:modified_time\" content=\"2023-11-20T05:33:40+00:00\" \/>\n<meta name=\"twitter:card\" content=\"summary_large_image\" \/>\n<script type=\"application\/ld+json\" class=\"yoast-schema-graph\">{\"@context\":\"https:\/\/schema.org\",\"@graph\":[{\"@type\":\"WebPage\",\"@id\":\"https:\/\/www.ontera.ca\/carrier\/\",\"url\":\"https:\/\/www.ontera.ca\/carrier\/\",\"name\":\"Carrier - Ontera\",\"isPartOf\":{\"@id\":\"https:\/\/www.ontera.ca\/#website\"},\"datePublished\":\"2023-11-07T20:03:31+00:00\",\"dateModified\":\"2023-11-20T05:33:40+00:00\",\"breadcrumb\":{\"@id\":\"https:\/\/www.ontera.ca\/carrier\/#breadcrumb\"},\"inLanguage\":\"fr-CA\",\"potentialAction\":[{\"@type\":\"ReadAction\",\"target\":[\"https:\/\/www.ontera.ca\/carrier\/\"]}]},{\"@type\":\"BreadcrumbList\",\"@id\":\"https:\/\/www.ontera.ca\/carrier\/#breadcrumb\",\"itemListElement\":[{\"@type\":\"ListItem\",\"position\":1,\"name\":\"Home\",\"item\":\"https:\/\/www.ontera.ca\/\"},{\"@type\":\"ListItem\",\"position\":2,\"name\":\"Carrier\"}]},{\"@type\":\"WebSite\",\"@id\":\"https:\/\/www.ontera.ca\/#website\",\"url\":\"https:\/\/www.ontera.ca\/\",\"name\":\"Ontera\",\"description\":\"\",\"publisher\":{\"@id\":\"https:\/\/www.ontera.ca\/#organization\"},\"potentialAction\":[{\"@type\":\"SearchAction\",\"target\":{\"@type\":\"EntryPoint\",\"urlTemplate\":\"https:\/\/www.ontera.ca\/?s={search_term_string}\"},\"query-input\":{\"@type\":\"PropertyValueSpecification\",\"valueRequired\":true,\"valueName\":\"search_term_string\"}}],\"inLanguage\":\"fr-CA\"},{\"@type\":\"Organization\",\"@id\":\"https:\/\/www.ontera.ca\/#organization\",\"name\":\"Ontera\",\"url\":\"https:\/\/www.ontera.ca\/\",\"logo\":{\"@type\":\"ImageObject\",\"inLanguage\":\"fr-CA\",\"@id\":\"https:\/\/www.ontera.ca\/#\/schema\/logo\/image\/\",\"url\":\"https:\/\/www.ontera.ca\/wp-content\/uploads\/2023\/09\/ontera.svg\",\"contentUrl\":\"https:\/\/www.ontera.ca\/wp-content\/uploads\/2023\/09\/ontera.svg\",\"width\":444,\"height\":65,\"caption\":\"Ontera\"},\"image\":{\"@id\":\"https:\/\/www.ontera.ca\/#\/schema\/logo\/image\/\"}}]}<\/script>\n<!-- \/ Yoast SEO plugin. -->","yoast_head_json":{"title":"Carrier - Ontera","robots":{"index":"index","follow":"follow","max-snippet":"max-snippet:-1","max-image-preview":"max-image-preview:large","max-video-preview":"max-video-preview:-1"},"canonical":"https:\/\/www.ontera.ca\/fr\/carrier\/","og_locale":"fr_CA","og_type":"article","og_title":"Carrier - Ontera","og_description":"Ontera offers carrier-class services to telecommunications companies wanting to do business in Northern Ontario. With our world-class fibre optic network and links into northern Ontario communities, Ontera has the capability to help telecom service providers achieve their objectives. For more information on what Ontera can offer contact us at CSG@ontera.ca [...]Read More... from Carrier","og_url":"https:\/\/www.ontera.ca\/fr\/carrier\/","og_site_name":"Ontera","article_modified_time":"2023-11-20T05:33:40+00:00","twitter_card":"summary_large_image","schema":{"@context":"https:\/\/schema.org","@graph":[{"@type":"WebPage","@id":"https:\/\/www.ontera.ca\/carrier\/","url":"https:\/\/www.ontera.ca\/carrier\/","name":"Carrier - Ontera","isPartOf":{"@id":"https:\/\/www.ontera.ca\/#website"},"datePublished":"2023-11-07T20:03:31+00:00","dateModified":"2023-11-20T05:33:40+00:00","breadcrumb":{"@id":"https:\/\/www.ontera.ca\/carrier\/#breadcrumb"},"inLanguage":"fr-CA","potentialAction":[{"@type":"ReadAction","target":["https:\/\/www.ontera.ca\/carrier\/"]}]},{"@type":"BreadcrumbList","@id":"https:\/\/www.ontera.ca\/carrier\/#breadcrumb","itemListElement":[{"@type":"ListItem","position":1,"name":"Home","item":"https:\/\/www.ontera.ca\/"},{"@type":"ListItem","position":2,"name":"Carrier"}]},{"@type":"WebSite","@id":"https:\/\/www.ontera.ca\/#website","url":"https:\/\/www.ontera.ca\/","name":"Ontera","description":"","publisher":{"@id":"https:\/\/www.ontera.ca\/#organization"},"potentialAction":[{"@type":"SearchAction","target":{"@type":"EntryPoint","urlTemplate":"https:\/\/www.ontera.ca\/?s={search_term_string}"},"query-input":{"@type":"PropertyValueSpecification","valueRequired":true,"valueName":"search_term_string"}}],"inLanguage":"fr-CA"},{"@type":"Organization","@id":"https:\/\/www.ontera.ca\/#organization","name":"Ontera","url":"https:\/\/www.ontera.ca\/","logo":{"@type":"ImageObject","inLanguage":"fr-CA","@id":"https:\/\/www.ontera.ca\/#\/schema\/logo\/image\/","url":"https:\/\/www.ontera.ca\/wp-content\/uploads\/2023\/09\/ontera.svg","contentUrl":"https:\/\/www.ontera.ca\/wp-content\/uploads\/2023\/09\/ontera.svg","width":444,"height":65,"caption":"Ontera"},"image":{"@id":"https:\/\/www.ontera.ca\/#\/schema\/logo\/image\/"}}]}},"_links":{"self":[{"href":"https:\/\/www.ontera.ca\/fr\/wp-json\/wp\/v2\/pages\/764","targetHints":{"allow":["GET"]}}],"collection":[{"href":"https:\/\/www.ontera.ca\/fr\/wp-json\/wp\/v2\/pages"}],"about":[{"href":"https:\/\/www.ontera.ca\/fr\/wp-json\/wp\/v2\/types\/page"}],"author":[{"embeddable":true,"href":"https:\/\/www.ontera.ca\/fr\/wp-json\/wp\/v2\/users\/1"}],"replies":[{"embeddable":true,"href":"https:\/\/www.ontera.ca\/fr\/wp-json\/wp\/v2\/comments?post=764"}],"version-history":[{"count":0,"href":"https:\/\/www.ontera.ca\/fr\/wp-json\/wp\/v2\/pages\/764\/revisions"}],"wp:attachment":[{"href":"https:\/\/www.ontera.ca\/fr\/wp-json\/wp\/v2\/media?parent=764"}],"curies":[{"name":"wp","href":"https:\/\/api.w.org\/{rel}","templated":true}]}}